{"id":1435,"date":"2023-08-14T22:49:50","date_gmt":"2023-08-14T13:49:50","guid":{"rendered":"https:\/\/aichittc.njsf.net\/form\/?page_id=1435"},"modified":"2025-12-15T09:51:08","modified_gmt":"2025-12-15T00:51:08","slug":"change_admit","status":"publish","type":"page","link":"https:\/\/aichittc.njsf.net\/form\/change_admit\/","title":{"rendered":"\u3010\u52a0\u76df\u7528\u3011\u5909\u66f4\u5c4a \u9001\u4fe1\u30d5\u30a9\u30fc\u30e0"},"content":{"rendered":"\n<div class=\"wpcf7 no-js\" id=\"wpcf7-f1434-o1\" lang=\"ja\" dir=\"ltr\" data-wpcf7-id=\"1434\">\n<div class=\"screen-reader-response\"><p role=\"status\" aria-live=\"polite\" aria-atomic=\"true\"><\/p> <ul><\/ul><\/div>\n<script type=\"text\/javascript\" charset=\"UTF-8\" src=\"https:\/\/zipaddr.github.io\/zipaddrx.js?v=1.42\"><\/script><script defer src=\"data:text\/javascript;base64,ZnVuY3Rpb24gemlwYWRkcl9vd25iKCl7WlAuZGxpPSctJztaUC53cD0nMSc7WlAudXZlcj0nODY3MzQuMTkxOTguMTI2MzAnO1pQLnN5c2lkPSdDb250YWN0Rm9ybTcnO30=\"><\/script><script type=\"text\/javascript\" charset=\"UTF-8\" src=\"https:\/\/zipaddr.github.io\/contactform7.js\"><\/script><form action=\"\/form\/wp-json\/wp\/v2\/pages\/1435#wpcf7-f1434-o1\" method=\"post\" class=\"wpcf7-form init\" aria-label=\"\u30b3\u30f3\u30bf\u30af\u30c8\u30d5\u30a9\u30fc\u30e0\" enctype=\"multipart\/form-data\" novalidate=\"novalidate\" data-status=\"init\">\n<fieldset class=\"hidden-fields-container\"><input type=\"hidden\" name=\"_wpcf7\" value=\"1434\" \/><input type=\"hidden\" name=\"_wpcf7_version\" value=\"6.1.5\" \/><input type=\"hidden\" name=\"_wpcf7_locale\" value=\"ja\" \/><input type=\"hidden\" name=\"_wpcf7_unit_tag\" value=\"wpcf7-f1434-o1\" \/><input type=\"hidden\" name=\"_wpcf7_container_post\" value=\"0\" \/><input type=\"hidden\" name=\"_wpcf7_posted_data_hash\" value=\"\" \/>\n<\/fieldset>\n<p class=\"comm\"><br \/>\n\u203b\u5c02\u7528\u306e\u5909\u66f4\u5c4a(\u30a8\u30af\u30bb\u30eb)\u4ee5\u5916\u306e\u30d5\u30a1\u30a4\u30eb(\u30ab\u30e1\u30e9\u7b49\u3067\u64ae\u3063\u305f\u753b\u50cf\u30d5\u30a1\u30a4\u30eb\u3084PDF\u30d5\u30a1\u30a4\u30eb)\u306f\u53d7\u3051\u4ed8\u3051\u3066\u304a\u308a\u307e\u305b\u3093\u3002<br \/>\n<b>\u203b\u30d5\u30a9\u30fc\u30e0\u3092\u9001\u4fe1\u3059\u308b\u524d\u306b\u3001\u5fc5\u305a\u3001aichittc.njsf.net \u3092\u53d7\u4fe1\u8a31\u53ef\u8a2d\u5b9a\u3057\u3066\u304f\u3060\u3055\u3044\u3002<\/b>\n<\/p>\n<hr \/>\n<p><label class=\"file\">\u25cf\u5909\u66f4\u5c4a(\u52a0\u76df\u7528)<span>(\u5fc5\u9808)<\/span><br \/>\n<span class=\"wpcf7-form-control-wrap\" data-name=\"your-file\"><input size=\"40\" class=\"wpcf7-form-control wpcf7-file wpcf7-validates-as-required\" accept=\".xlsx,.xls\" aria-required=\"true\" aria-invalid=\"false\" type=\"file\" name=\"your-file\" \/><\/span><\/label>\n<\/p>\n<div class=\"atn\">\n\t<p>\u203b\u5c02\u7528\u306e\u5909\u66f4\u5c4a\u4ee5\u5916\u306f\u53d7\u4ed8\u3067\u304d\u307e\u305b\u3093\u3002<br \/>\n\u203b\u62e1\u5f35\u5b50\u3092\u5909\u66f4\u3057\u305f\u30d5\u30a1\u30a4\u30eb\u3082\u53d7\u4ed8\u3057\u307e\u305b\u3093\u3002<br \/>\n\u203b\u30d5\u30a1\u30a4\u30eb\u540d\u306b\u30b9\u30da\u30fc\u30b9\u3084\u7279\u6b8a\u6587\u5b57(\uffe5\/<>?:\"*|,';)\u306e\u4f7f\u7528\u306f\u63a7\u3048\u3066\u304f\u3060\u3055\u3044\u3002\n\t<\/p>\n<\/div>\n<p><label>\u25cf\u304a\u540d\u524d<span>(\u5fc5\u9808)<\/span><br \/>\n<span class=\"wpcf7-form-control-wrap\" data-name=\"your-name\"><input size=\"30\" maxlength=\"60\" class=\"wpcf7-form-control wpcf7-text wpcf7-validates-as-required\" autocomplete=\"name\" aria-required=\"true\" aria-invalid=\"false\" value=\"\" type=\"text\" name=\"your-name\" \/><\/span><\/label>\n<\/p>\n<p><label>\u25cf\u304a\u540d\u524d\u30d5\u30ea\u30ac\u30ca<span>(\u5fc5\u9808)<\/span><br \/>\n<span class=\"wpcf7-form-control-wrap\" data-name=\"your-name2\"><input size=\"30\" maxlength=\"60\" class=\"wpcf7-form-control wpcf7-text wpcf7-validates-as-required\" aria-required=\"true\" aria-invalid=\"false\" value=\"\" type=\"text\" name=\"your-name2\" \/><\/span><\/label>\n<\/p>\n<p><label>\u25cf\u52a0\u76df\u30af\u30e9\u30d6\u540d<span>(\u5fc5\u9808)<\/span><br \/>\n<\/label>\n<\/p>\n<div class=\"atn\">\n\t<p>\u500b\u4eba\u767b\u9332\u306e\u65b9\u306f\u300c\u500b\u4eba\u300d\u3068\u5165\u529b\u3057\u3066\u304f\u3060\u3055\u3044\u3002\n\t<\/p>\n<\/div>\n<p><span class=\"wpcf7-form-control-wrap\" data-name=\"your-club\"><input size=\"30\" maxlength=\"60\" class=\"wpcf7-form-control wpcf7-text wpcf7-validates-as-required\" aria-required=\"true\" aria-invalid=\"false\" value=\"\" type=\"text\" name=\"your-club\" \/><\/span>\n<\/p>\n<p><label>\u25cf\u30e1\u30fc\u30eb\u30a2\u30c9\u30ec\u30b9<span>(\u5fc5\u9808)<\/span><br \/>\n<span class=\"wpcf7-form-control-wrap\" data-name=\"your-email\"><input size=\"30\" maxlength=\"60\" class=\"wpcf7-form-control wpcf7-email wpcf7-validates-as-required wpcf7-text wpcf7-validates-as-email\" autocomplete=\"email\" aria-required=\"true\" aria-invalid=\"false\" value=\"\" type=\"email\" name=\"your-email\" \/><\/span><\/label>\n<\/p>\n<p><label>\u25cf\u96fb\u8a71\u756a\u53f7<span>(\u5fc5\u9808)<\/span><br \/>\n<span class=\"wpcf7-form-control-wrap\" data-name=\"your-tel\"><input size=\"20\" maxlength=\"60\" minlength=\"10\" class=\"wpcf7-form-control wpcf7-tel wpcf7-validates-as-required wpcf7-text wpcf7-validates-as-tel\" aria-required=\"true\" aria-invalid=\"false\" value=\"\" type=\"tel\" name=\"your-tel\" \/><\/span><\/label>\n<\/p>\n<p><label>\u25cf\u9023\u7d61\u4e8b\u9805\u7b49<br \/>\n<span class=\"wpcf7-form-control-wrap\" data-name=\"your-message\"><textarea cols=\"40\" rows=\"10\" maxlength=\"2000\" class=\"wpcf7-form-control wpcf7-textarea\" aria-invalid=\"false\" name=\"your-message\"><\/textarea><\/span><\/label>\n<\/p>\n<p><label><br \/>\n\u30c1\u30a7\u30c3\u30af\u30dc\u30c3\u30af\u30b9\u304c\u8868\u793a\u3055\u308c\u308b\u5834\u5408\u306f\u3001\u25a2\u3092\u30af\u30ea\u30c3\u30af\u3057\u3066\u304f\u3060\u3055\u3044\u3002<br \/>\n\t<div class=\"wpcf7-turnstile cf-turnstile\" data-sitekey=\"0x4AAAAAABl_J9TZzxZN_xuI\" data-response-field-name=\"_wpcf7_turnstile_response\"><\/div><br \/>\n<\/label>\n<\/p>\n<p><label style=\"text-align:center;\"><br \/>\n<span>\u00d7\u00d7\u00d7 \u30c0\u30d6\u30eb\u30af\u30ea\u30c3\u30af\u7981\u6b62 \u00d7\u00d7\u00d7<\/span><br \/>\n\u3000\u3000\u3000\u3000 <input class=\"wpcf7-form-control wpcf7-submit has-spinner\" type=\"submit\" value=\"\u9001\u4fe1\" \/><br \/>\n<\/label>\n<\/p><div class=\"wpcf7-response-output\" aria-hidden=\"true\"><\/div>\n<\/form>\n<\/div>\n\n","protected":false},"excerpt":{"rendered":"","protected":false},"author":1,"featured_media":0,"parent":0,"menu_order":0,"comment_status":"closed","ping_status":"closed","template":"","meta":{"footnotes":""},"class_list":["post-1435","page","type-page","status-publish","hentry"],"_links":{"self":[{"href":"https:\/\/aichittc.njsf.net\/form\/wp-json\/wp\/v2\/pages\/1435","targetHints":{"allow":["GET"]}}],"collection":[{"href":"https:\/\/aichittc.njsf.net\/form\/wp-json\/wp\/v2\/pages"}],"about":[{"href":"https:\/\/aichittc.njsf.net\/form\/wp-json\/wp\/v2\/types\/page"}],"author":[{"embeddable":true,"href":"https:\/\/aichittc.njsf.net\/form\/wp-json\/wp\/v2\/users\/1"}],"replies":[{"embeddable":true,"href":"https:\/\/aichittc.njsf.net\/form\/wp-json\/wp\/v2\/comments?post=1435"}],"version-history":[{"count":3,"href":"https:\/\/aichittc.njsf.net\/form\/wp-json\/wp\/v2\/pages\/1435\/revisions"}],"predecessor-version":[{"id":8535,"href":"https:\/\/aichittc.njsf.net\/form\/wp-json\/wp\/v2\/pages\/1435\/revisions\/8535"}],"wp:attachment":[{"href":"https:\/\/aichittc.njsf.net\/form\/wp-json\/wp\/v2\/media?parent=1435"}],"curies":[{"name":"wp","href":"https:\/\/api.w.org\/{rel}","templated":true}]}}