{"id":1605,"date":"2023-08-29T11:16:21","date_gmt":"2023-08-29T02:16:21","guid":{"rendered":"https:\/\/aichittc.njsf.net\/form\/?page_id=1605"},"modified":"2023-08-29T11:18:26","modified_gmt":"2023-08-29T02:18:26","slug":"volunteer_compe","status":"publish","type":"page","link":"https:\/\/aichittc.njsf.net\/form\/volunteer_compe\/","title":{"rendered":"\u5927\u4f1a\u5f53\u65e5\u30dc\u30e9\u30f3\u30c6\u30a3\u30a2\u5fdc\u52df\u30d5\u30a9\u30fc\u30e0"},"content":{"rendered":"\n<div class=\"wpcf7 no-js\" id=\"wpcf7-f1604-o1\" lang=\"ja\" dir=\"ltr\" data-wpcf7-id=\"1604\">\n<div class=\"screen-reader-response\"><p role=\"status\" aria-live=\"polite\" aria-atomic=\"true\"><\/p> <ul><\/ul><\/div>\n<script type=\"text\/javascript\" charset=\"UTF-8\" src=\"https:\/\/zipaddr.github.io\/zipaddrx.js?v=1.42\"><\/script><script defer src=\"data:text\/javascript;base64,ZnVuY3Rpb24gemlwYWRkcl9vd25iKCl7WlAuZGxpPSctJztaUC53cD0nMSc7WlAudXZlcj0nNTgzMzQuNTQxOTAuNjI2ODUnO1pQLnN5c2lkPSdDb250YWN0Rm9ybTcnO30=\"><\/script><script type=\"text\/javascript\" charset=\"UTF-8\" src=\"https:\/\/zipaddr.github.io\/contactform7.js\"><\/script><form action=\"\/form\/wp-json\/wp\/v2\/pages\/1605#wpcf7-f1604-o1\" method=\"post\" class=\"wpcf7-form init\" aria-label=\"\u30b3\u30f3\u30bf\u30af\u30c8\u30d5\u30a9\u30fc\u30e0\" novalidate=\"novalidate\" data-status=\"init\">\n<fieldset class=\"hidden-fields-container\"><input type=\"hidden\" name=\"_wpcf7\" value=\"1604\" \/><input type=\"hidden\" name=\"_wpcf7_version\" value=\"6.1.5\" \/><input type=\"hidden\" name=\"_wpcf7_locale\" value=\"ja\" \/><input type=\"hidden\" name=\"_wpcf7_unit_tag\" value=\"wpcf7-f1604-o1\" \/><input type=\"hidden\" name=\"_wpcf7_container_post\" value=\"0\" \/><input type=\"hidden\" name=\"_wpcf7_posted_data_hash\" value=\"\" \/>\n<\/fieldset>\n<p class=\"comm\"><br \/>\n\u5927\u4f1a<b>\u5f53\u65e5<\/b>\u30dc\u30e9\u30f3\u30c6\u30a3\u30a2\u30b9\u30bf\u30c3\u30d5\u306e\u5fdc\u52df\u30d5\u30a9\u30fc\u30e0\u3067\u3059\u3002<br \/>\n\u5fc5\u8981\u9805\u76ee\u3092\u5165\u529b\u3057\u3066\u9001\u4fe1\u3057\u3066\u304f\u3060\u3055\u3044\u3002<br \/>\n\u203b\u304a\u554f\u3044\u5408\u308f\u305b\u306f\u3001\u304a\u554f\u3044\u5408\u308f\u305b\u30d5\u30a9\u30fc\u30e0\u304b\u3089\u304a\u9858\u3044\u3057\u307e\u3059\u3002<br \/>\n<b>\u203b\u30d5\u30a9\u30fc\u30e0\u3092\u9001\u4fe1\u3059\u308b\u524d\u306b\u3001\u5fc5\u305a\u3001aichittc.njsf.net \u3092\u53d7\u4fe1\u8a31\u53ef\u8a2d\u5b9a\u3057\u3066\u304f\u3060\u3055\u3044\u3002<\/b>\n<\/p>\n<p><label>\u304a\u540d\u524d<span>(\u5fc5\u9808)<\/span><br \/>\n<span class=\"wpcf7-form-control-wrap\" data-name=\"your-name\"><input size=\"30\" maxlength=\"60\" class=\"wpcf7-form-control wpcf7-text wpcf7-validates-as-required\" autocomplete=\"name\" aria-required=\"true\" aria-invalid=\"false\" value=\"\" type=\"text\" name=\"your-name\" \/><\/span><\/label>\n<\/p>\n<p><label>\u304a\u540d\u524d\u30d5\u30ea\u30ac\u30ca<span>(\u5fc5\u9808)<\/span><br \/>\n<span class=\"wpcf7-form-control-wrap\" data-name=\"your-name2\"><input size=\"30\" maxlength=\"60\" class=\"wpcf7-form-control wpcf7-text wpcf7-validates-as-required\" aria-required=\"true\" aria-invalid=\"false\" value=\"\" type=\"text\" name=\"your-name2\" \/><\/span><\/label>\n<\/p>\n<p><label>\u52a0\u76df\u30af\u30e9\u30d6\u540d<span>(\u5fc5\u9808)<\/span><br \/>\n<\/label>\n<\/p>\n<div class=\"atn\">\n\t<p>\u611b\u77e5\u770c\u4ee5\u5916\u306e\u52a0\u76df\u306e\u65b9\u306f\u3001\u300c\u305d\u306e\u4ed6\u30fb\u3054\u9023\u7d61\u7b49\u300d\u6b04\u306b\u52a0\u76df\u306e\u770c\u3092\u5165\u529b\u3057\u3066\u304f\u3060\u3055\u3044\u3002\n\t<\/p>\n<\/div>\n<p><span class=\"wpcf7-form-control-wrap\" data-name=\"your-club\"><input size=\"30\" maxlength=\"60\" class=\"wpcf7-form-control wpcf7-text wpcf7-validates-as-required\" aria-required=\"true\" aria-invalid=\"false\" value=\"\" type=\"text\" name=\"your-club\" \/><\/span>\n<\/p>\n<p><label>\u30e1\u30fc\u30eb\u30a2\u30c9\u30ec\u30b9<span>(\u5fc5\u9808)<\/span><br \/>\n<span class=\"wpcf7-form-control-wrap\" data-name=\"your-email\"><input size=\"30\" maxlength=\"60\" class=\"wpcf7-form-control wpcf7-email wpcf7-validates-as-required wpcf7-text wpcf7-validates-as-email\" autocomplete=\"email\" aria-required=\"true\" aria-invalid=\"false\" value=\"\" type=\"email\" name=\"your-email\" \/><\/span><\/label>\n<\/p>\n<p><label>\u96fb\u8a71\u756a\u53f7<span>(\u5fc5\u9808)<\/span><br \/>\n<\/label>\n<\/p>\n<div class=\"atn\">\n\t<p>\u3067\u304d\u308b\u3060\u3051\u643a\u5e2f\u96fb\u8a71\u756a\u53f7\u3092\u304a\u77e5\u3089\u305b\u304f\u3060\u3055\u3044\u3002\n\t<\/p>\n<\/div>\n<p><span class=\"wpcf7-form-control-wrap\" data-name=\"your-tel\"><input size=\"20\" maxlength=\"60\" minlength=\"10\" class=\"wpcf7-form-control wpcf7-tel wpcf7-validates-as-required wpcf7-text wpcf7-validates-as-tel\" aria-required=\"true\" aria-invalid=\"false\" value=\"\" type=\"tel\" name=\"your-tel\" \/><\/span>\n<\/p>\n<p><label>\u53c2\u52a0\u53ef\u80fd\u65e5 <span>\u203b\u9078\u624b\u304c\u517c\u306d\u308b\u3053\u3068\u306f\u3067\u304d\u307e\u305b\u3093<\/span><\/label>\n<\/p>\n<div class=\"atn\" style=\"line-hight:140%;\">\n\t<p><span class=\"wpcf7-form-control-wrap\" data-name=\"your-day\"><span class=\"wpcf7-form-control wpcf7-checkbox\"><span class=\"wpcf7-list-item first\"><label><input type=\"checkbox\" name=\"your-day[]\" value=\"2026.4.4(\u571f) \u4e2d\u6751SC\" \/><span class=\"wpcf7-list-item-label\">2026.4.4(\u571f) \u4e2d\u6751SC<\/span><\/label><\/span><span class=\"wpcf7-list-item\"><label><input type=\"checkbox\" name=\"your-day[]\" value=\"2026.4.11(\u571f) \u4e2dSC\" \/><span class=\"wpcf7-list-item-label\">2026.4.11(\u571f) \u4e2dSC<\/span><\/label><\/span><span class=\"wpcf7-list-item\"><label><input type=\"checkbox\" name=\"your-day[]\" value=\"2026.4.19(\u65e5) \u662d\u548cSC\" \/><span class=\"wpcf7-list-item-label\">2026.4.19(\u65e5) \u662d\u548cSC<\/span><\/label><\/span><span class=\"wpcf7-list-item\"><label><input type=\"checkbox\" name=\"your-day[]\" value=\"2026.4.25(\u571f) \u4e2dSC\" \/><span class=\"wpcf7-list-item-label\">2026.4.25(\u571f) \u4e2dSC<\/span><\/label><\/span><span class=\"wpcf7-list-item\"><label><input type=\"checkbox\" name=\"your-day[]\" value=\"2026.4.29(\u6c34\u795d) \u540d\u6771SC\" \/><span class=\"wpcf7-list-item-label\">2026.4.29(\u6c34\u795d) \u540d\u6771SC<\/span><\/label><\/span><span class=\"wpcf7-list-item\"><label><input type=\"checkbox\" name=\"your-day[]\" value=\"2026.5.2(\u571f) \u5b88\u5c71SC\" \/><span class=\"wpcf7-list-item-label\">2026.5.2(\u571f) \u5b88\u5c71SC<\/span><\/label><\/span><span class=\"wpcf7-list-item\"><label><input type=\"checkbox\" name=\"your-day[]\" value=\"2026.5.6(\u6c34\u795d) \u30ac\u30a4\u30b7SP\" \/><span class=\"wpcf7-list-item-label\">2026.5.6(\u6c34\u795d) \u30ac\u30a4\u30b7SP<\/span><\/label><\/span><span class=\"wpcf7-list-item\"><label><input type=\"checkbox\" name=\"your-day[]\" value=\"2026.5.6(\u6c34\u795d) \u8c4a\u660e\u798f\u7949\u4f53\" \/><span class=\"wpcf7-list-item-label\">2026.5.6(\u6c34\u795d) \u8c4a\u660e\u798f\u7949\u4f53<\/span><\/label><\/span><span class=\"wpcf7-list-item\"><label><input type=\"checkbox\" name=\"your-day[]\" value=\"2026.5.17(\u65e5) \u30ac\u30a4\u30b7SP\" \/><span class=\"wpcf7-list-item-label\">2026.5.17(\u65e5) \u30ac\u30a4\u30b7SP<\/span><\/label><\/span><span class=\"wpcf7-list-item\"><label><input type=\"checkbox\" name=\"your-day[]\" value=\"2026.5.24(\u65e5) \u4e03\u5b9d\u7dcf\u5408\u4f53\" \/><span class=\"wpcf7-list-item-label\">2026.5.24(\u65e5) \u4e03\u5b9d\u7dcf\u5408\u4f53<\/span><\/label><\/span><span class=\"wpcf7-list-item last\"><label><input type=\"checkbox\" name=\"your-day[]\" value=\"2026.5.31(\u65e5) \u662d\u548cSC\" \/><span class=\"wpcf7-list-item-label\">2026.5.31(\u65e5) \u662d\u548cSC<\/span><\/label><\/span><\/span><\/span>\n\t<\/p>\n<\/div>\n<div style=\"font-size:12px; text-align:right; line-hight:140%;\">\n\t<p>SC\uff1d\u30b9\u30dd\u30fc\u30c4\u30bb\u30f3\u30bf\u30fc\u30fbSL\uff1d\u30b9\u30dd\u30fc\u30c4\u30e9\u30f3\u30c9<br \/>\nSP\uff1d\u30b9\u30dd\u30fc\u30c4\u30d7\u30e9\u30b6\u30fb\u4f53\uff1d\u4f53\u80b2\u9928\n\t<\/p>\n<\/div>\n<p><label>\u305d\u306e\u4ed6\u30fb\u3054\u9023\u7d61\u7b49<br \/>\n<span class=\"wpcf7-form-control-wrap\" data-name=\"your-message\"><textarea cols=\"40\" rows=\"10\" maxlength=\"2000\" class=\"wpcf7-form-control wpcf7-textarea wpcf7-validates-as-required\" aria-required=\"true\" aria-invalid=\"false\" name=\"your-message\"><\/textarea><\/span><\/label>\n<\/p>\n<p><label><br \/>\n\u30c1\u30a7\u30c3\u30af\u30dc\u30c3\u30af\u30b9\u304c\u8868\u793a\u3055\u308c\u308b\u5834\u5408\u306f\u3001\u25a2\u3092\u30af\u30ea\u30c3\u30af\u3057\u3066\u304f\u3060\u3055\u3044\u3002<br \/>\n\t<div class=\"wpcf7-turnstile cf-turnstile\" data-sitekey=\"0x4AAAAAABl_J9TZzxZN_xuI\" data-response-field-name=\"_wpcf7_turnstile_response\"><\/div><br \/>\n<\/label>\n<\/p>\n<p><label style=\"text-align:center;\"><br \/>\n<span>\u00d7\u00d7\u00d7 \u30c0\u30d6\u30eb\u30af\u30ea\u30c3\u30af\u7981\u6b62 \u00d7\u00d7\u00d7<\/span><br \/>\n\u3000\u3000\u3000\u3000 <input class=\"wpcf7-form-control wpcf7-submit has-spinner\" type=\"submit\" value=\"\u9001\u4fe1\" \/><br \/>\n<\/label>\n<\/p><div class=\"wpcf7-response-output\" aria-hidden=\"true\"><\/div>\n<\/form>\n<\/div>\n\n","protected":false},"excerpt":{"rendered":"","protected":false},"author":1,"featured_media":0,"parent":0,"menu_order":0,"comment_status":"closed","ping_status":"closed","template":"","meta":{"footnotes":""},"class_list":["post-1605","page","type-page","status-publish","hentry"],"_links":{"self":[{"href":"https:\/\/aichittc.njsf.net\/form\/wp-json\/wp\/v2\/pages\/1605","targetHints":{"allow":["GET"]}}],"collection":[{"href":"https:\/\/aichittc.njsf.net\/form\/wp-json\/wp\/v2\/pages"}],"about":[{"href":"https:\/\/aichittc.njsf.net\/form\/wp-json\/wp\/v2\/types\/page"}],"author":[{"embeddable":true,"href":"https:\/\/aichittc.njsf.net\/form\/wp-json\/wp\/v2\/users\/1"}],"replies":[{"embeddable":true,"href":"https:\/\/aichittc.njsf.net\/form\/wp-json\/wp\/v2\/comments?post=1605"}],"version-history":[{"count":2,"href":"https:\/\/aichittc.njsf.net\/form\/wp-json\/wp\/v2\/pages\/1605\/revisions"}],"predecessor-version":[{"id":5302,"href":"https:\/\/aichittc.njsf.net\/form\/wp-json\/wp\/v2\/pages\/1605\/revisions\/5302"}],"wp:attachment":[{"href":"https:\/\/aichittc.njsf.net\/form\/wp-json\/wp\/v2\/media?parent=1605"}],"curies":[{"name":"wp","href":"https:\/\/api.w.org\/{rel}","templated":true}]}}