{"id":785,"date":"2023-04-20T17:28:35","date_gmt":"2023-04-20T08:28:35","guid":{"rendered":"https:\/\/aichittc.njsf.net\/form\/?page_id=785"},"modified":"2023-04-21T15:10:11","modified_gmt":"2023-04-21T06:10:11","slug":"contact","status":"publish","type":"page","link":"https:\/\/aichittc.njsf.net\/form\/contact\/","title":{"rendered":"\u304a\u554f\u3044\u5408\u308f\u305b\u30d5\u30a9\u30fc\u30e0"},"content":{"rendered":"\n<div class=\"wpcf7 no-js\" id=\"wpcf7-f13-o1\" lang=\"ja\" dir=\"ltr\" data-wpcf7-id=\"13\">\n<div class=\"screen-reader-response\"><p role=\"status\" aria-live=\"polite\" aria-atomic=\"true\"><\/p> <ul><\/ul><\/div>\n<script type=\"text\/javascript\" charset=\"UTF-8\" src=\"https:\/\/zipaddr.github.io\/zipaddrx.js?v=1.42\"><\/script><script defer src=\"data:text\/javascript;base64,ZnVuY3Rpb24gemlwYWRkcl9vd25iKCl7WlAuZGxpPSctJztaUC53cD0nMSc7WlAudXZlcj0nODIxMzQuNzMxOTAuNTI2MTEnO1pQLnN5c2lkPSdDb250YWN0Rm9ybTcnO30=\"><\/script><script type=\"text\/javascript\" charset=\"UTF-8\" src=\"https:\/\/zipaddr.github.io\/contactform7.js\"><\/script><form action=\"\/form\/wp-json\/wp\/v2\/pages\/785#wpcf7-f13-o1\" method=\"post\" class=\"wpcf7-form init\" aria-label=\"\u30b3\u30f3\u30bf\u30af\u30c8\u30d5\u30a9\u30fc\u30e0\" novalidate=\"novalidate\" data-status=\"init\">\n<fieldset class=\"hidden-fields-container\"><input type=\"hidden\" name=\"_wpcf7\" value=\"13\" \/><input type=\"hidden\" name=\"_wpcf7_version\" value=\"6.1.5\" \/><input type=\"hidden\" name=\"_wpcf7_locale\" value=\"ja\" \/><input type=\"hidden\" name=\"_wpcf7_unit_tag\" value=\"wpcf7-f13-o1\" \/><input type=\"hidden\" name=\"_wpcf7_container_post\" value=\"0\" \/><input type=\"hidden\" name=\"_wpcf7_posted_data_hash\" value=\"\" \/>\n<\/fieldset>\n<p class=\"comm\"><br \/>\n\u5fc5\u8981\u9805\u76ee\u3092\u5165\u529b\u3057\u3066\u9001\u4fe1\u3057\u3066\u304f\u3060\u3055\u3044\u3002<br \/>\n\u3054\u9023\u7d61\u3001\u3054\u610f\u898b\u7b49\u3082\u3053\u3061\u3089\u306e\u30d5\u30a9\u30fc\u30e0\u3088\u308a\u304a\u9001\u308a\u304f\u3060\u3055\u3044\u3002<br \/>\n\u203b\u5927\u4f1a\u306e\u7533\u8fbc\u3084\u5909\u66f4\u30fb\u68c4\u6a29\u306f\u3001\u5927\u4f1a\u60c5\u5831\u30da\u30fc\u30b8\u304b\u3089\u304a\u9858\u3044\u3057\u307e\u3059\u3002<br \/>\n<b>\u203b\u30d5\u30a9\u30fc\u30e0\u3092\u9001\u4fe1\u3059\u308b\u524d\u306b\u3001\u5fc5\u305a\u3001aichittc.njsf.net \u3092\u53d7\u4fe1\u8a31\u53ef\u8a2d\u5b9a\u3057\u3066\u304f\u3060\u3055\u3044\u3002<\/b>\n<\/p>\n<p><label>\u304a\u540d\u524d<span>(\u5fc5\u9808)<\/span><br \/>\n<span class=\"wpcf7-form-control-wrap\" data-name=\"your-name\"><input size=\"30\" maxlength=\"60\" class=\"wpcf7-form-control wpcf7-text wpcf7-validates-as-required\" autocomplete=\"name\" aria-required=\"true\" aria-invalid=\"false\" value=\"\" type=\"text\" name=\"your-name\" \/><\/span><\/label>\n<\/p>\n<p><label>\u304a\u540d\u524d\u30d5\u30ea\u30ac\u30ca<span>(\u5fc5\u9808)<\/span><br \/>\n<span class=\"wpcf7-form-control-wrap\" data-name=\"your-name2\"><input size=\"30\" maxlength=\"60\" class=\"wpcf7-form-control wpcf7-text wpcf7-validates-as-required\" aria-required=\"true\" aria-invalid=\"false\" value=\"\" type=\"text\" name=\"your-name2\" \/><\/span><\/label>\n<\/p>\n<p><label>\u767b\u9332\u30af\u30e9\u30d6\u540d<br \/>\n<span class=\"wpcf7-form-control-wrap\" data-name=\"your-club\"><input size=\"30\" maxlength=\"60\" class=\"wpcf7-form-control wpcf7-text\" aria-invalid=\"false\" value=\"\" type=\"text\" name=\"your-club\" \/><\/span><\/label>\n<\/p>\n<p><label>\u30e1\u30fc\u30eb\u30a2\u30c9\u30ec\u30b9<span>(\u5fc5\u9808)<\/span><br \/>\n<span class=\"wpcf7-form-control-wrap\" data-name=\"your-email\"><input size=\"30\" maxlength=\"60\" class=\"wpcf7-form-control wpcf7-email wpcf7-validates-as-required wpcf7-text wpcf7-validates-as-email\" autocomplete=\"email\" aria-required=\"true\" aria-invalid=\"false\" value=\"\" type=\"email\" name=\"your-email\" \/><\/span><\/label>\n<\/p>\n<p><label>\u96fb\u8a71\u756a\u53f7<span>(\u5fc5\u9808)<\/span><br \/>\n<span class=\"wpcf7-form-control-wrap\" data-name=\"your-tel\"><input size=\"20\" maxlength=\"60\" minlength=\"10\" class=\"wpcf7-form-control wpcf7-tel wpcf7-validates-as-required wpcf7-text wpcf7-validates-as-tel\" aria-required=\"true\" aria-invalid=\"false\" value=\"\" type=\"tel\" name=\"your-tel\" \/><\/span><\/label>\n<\/p>\n<p><label>\u7a2e\u985e<span>(\u5fc5\u9808)<\/span><br \/>\n<span class=\"wpcf7-form-control-wrap\" data-name=\"choice\"><select class=\"wpcf7-form-control wpcf7-select wpcf7-validates-as-required\" aria-required=\"true\" aria-invalid=\"false\" name=\"choice\"><option value=\"\">&#8212;\u4ee5\u4e0b\u304b\u3089\u9078\u629e\u3057\u3066\u304f\u3060\u3055\u3044&#8212;<\/option><option value=\"\u5927\u4f1a\u306b\u3064\u3044\u3066\u306e\u304a\u554f\u3044\u5408\u308f\u305b\">\u5927\u4f1a\u306b\u3064\u3044\u3066\u306e\u304a\u554f\u3044\u5408\u308f\u305b<\/option><option value=\"\u52a0\u76df\u767b\u9332\u306b\u3064\u3044\u3066\u306e\u304a\u554f\u3044\u5408\u308f\u305b\">\u52a0\u76df\u767b\u9332\u306b\u3064\u3044\u3066\u306e\u304a\u554f\u3044\u5408\u308f\u305b<\/option><option value=\"\u30dc\u30e9\u30f3\u30c6\u30a3\u30a2\u52df\u96c6\u306b\u3064\u3044\u3066\u306e\u304a\u554f\u3044\u5408\u308f\u305b\">\u30dc\u30e9\u30f3\u30c6\u30a3\u30a2\u52df\u96c6\u306b\u3064\u3044\u3066\u306e\u304a\u554f\u3044\u5408\u308f\u305b<\/option><option value=\"\u305d\u306e\u4ed6\u30fb\u5168\u822c\u306b\u3064\u3044\u3066\u306e\u304a\u554f\u3044\u5408\u308f\u305b\">\u305d\u306e\u4ed6\u30fb\u5168\u822c\u306b\u3064\u3044\u3066\u306e\u304a\u554f\u3044\u5408\u308f\u305b<\/option><option value=\"\u3054\u9023\u7d61\u30fb\u3054\u610f\u898b\u30fb\u3054\u611f\u60f3 \u7b49\">\u3054\u9023\u7d61\u30fb\u3054\u610f\u898b\u30fb\u3054\u611f\u60f3 \u7b49<\/option><\/select><\/span><\/label>\n<\/p>\n<p><label>\u304a\u554f\u3044\u5408\u308f\u305b\u5185\u5bb9<span>(\u5fc5\u9808)<\/span><br \/>\n<span class=\"wpcf7-form-control-wrap\" data-name=\"your-message\"><textarea cols=\"40\" rows=\"10\" maxlength=\"2000\" class=\"wpcf7-form-control wpcf7-textarea wpcf7-validates-as-required\" aria-required=\"true\" aria-invalid=\"false\" name=\"your-message\"><\/textarea><\/span><\/label>\n<\/p>\n<p><label><br \/>\n\u30c1\u30a7\u30c3\u30af\u30dc\u30c3\u30af\u30b9\u304c\u8868\u793a\u3055\u308c\u308b\u5834\u5408\u306f\u3001\u25a2\u3092\u30af\u30ea\u30c3\u30af\u3057\u3066\u304f\u3060\u3055\u3044\u3002<br \/>\n\t<div class=\"wpcf7-turnstile cf-turnstile\" data-sitekey=\"0x4AAAAAABl_J9TZzxZN_xuI\" data-response-field-name=\"_wpcf7_turnstile_response\"><\/div><br \/>\n<\/label>\n<\/p>\n<p><label style=\"text-align:center;\"><br \/>\n<span>\u00d7\u00d7\u00d7 \u30c0\u30d6\u30eb\u30af\u30ea\u30c3\u30af\u7981\u6b62 \u00d7\u00d7\u00d7<\/span><br \/>\n\u3000\u3000\u3000\u3000 <input class=\"wpcf7-form-control wpcf7-submit has-spinner\" type=\"submit\" value=\"\u9001\u4fe1\" \/><br \/>\n<\/label>\n<\/p><div class=\"wpcf7-response-output\" aria-hidden=\"true\"><\/div>\n<\/form>\n<\/div>\n\n","protected":false},"excerpt":{"rendered":"","protected":false},"author":1,"featured_media":0,"parent":0,"menu_order":0,"comment_status":"closed","ping_status":"closed","template":"","meta":{"footnotes":""},"class_list":["post-785","page","type-page","status-publish","hentry"],"_links":{"self":[{"href":"https:\/\/aichittc.njsf.net\/form\/wp-json\/wp\/v2\/pages\/785","targetHints":{"allow":["GET"]}}],"collection":[{"href":"https:\/\/aichittc.njsf.net\/form\/wp-json\/wp\/v2\/pages"}],"about":[{"href":"https:\/\/aichittc.njsf.net\/form\/wp-json\/wp\/v2\/types\/page"}],"author":[{"embeddable":true,"href":"https:\/\/aichittc.njsf.net\/form\/wp-json\/wp\/v2\/users\/1"}],"replies":[{"embeddable":true,"href":"https:\/\/aichittc.njsf.net\/form\/wp-json\/wp\/v2\/comments?post=785"}],"version-history":[{"count":1,"href":"https:\/\/aichittc.njsf.net\/form\/wp-json\/wp\/v2\/pages\/785\/revisions"}],"predecessor-version":[{"id":789,"href":"https:\/\/aichittc.njsf.net\/form\/wp-json\/wp\/v2\/pages\/785\/revisions\/789"}],"wp:attachment":[{"href":"https:\/\/aichittc.njsf.net\/form\/wp-json\/wp\/v2\/media?parent=785"}],"curies":[{"name":"wp","href":"https:\/\/api.w.org\/{rel}","templated":true}]}}